{"id":13,"date":"2019-09-17T06:43:13","date_gmt":"2019-09-17T06:43:13","guid":{"rendered":"http:\/\/mmy.karppiset.net\/?page_id=13"},"modified":"2019-09-17T06:43:13","modified_gmt":"2019-09-17T06:43:13","slug":"mantan-metsastysyhdistys","status":"publish","type":"page","link":"https:\/\/mmy.karppiset.net\/","title":{"rendered":"M\u00e4nt\u00e4n Mets\u00e4stysyhdistys"},"content":{"rendered":"\n<p>T\u00e4lt\u00e4 sivulta l\u00f6yd\u00e4t Kurun hirvenmets\u00e4stysalueen kartat.<\/p>\n","protected":false},"excerpt":{"rendered":"<p>T\u00e4lt\u00e4 sivulta l\u00f6yd\u00e4t Kurun hirvenmets\u00e4stysalueen kartat.<\/p>\n","protected":false},"author":1,"featured_media":0,"parent":0,"menu_order":0,"comment_status":"closed","ping_status":"closed","template":"","meta":[],"_links":{"self":[{"href":"https:\/\/mmy.karppiset.net\/index.php\/wp-json\/wp\/v2\/pages\/13"}],"collection":[{"href":"https:\/\/mmy.karppiset.net\/index.php\/wp-json\/wp\/v2\/pages"}],"about":[{"href":"https:\/\/mmy.karppiset.net\/index.php\/wp-json\/wp\/v2\/types\/page"}],"author":[{"embeddable":true,"href":"https:\/\/mmy.karppiset.net\/index.php\/wp-json\/wp\/v2\/users\/1"}],"replies":[{"embeddable":true,"href":"https:\/\/mmy.karppiset.net\/index.php\/wp-json\/wp\/v2\/comments?post=13"}],"version-history":[{"count":1,"href":"https:\/\/mmy.karppiset.net\/index.php\/wp-json\/wp\/v2\/pages\/13\/revisions"}],"predecessor-version":[{"id":14,"href":"https:\/\/mmy.karppiset.net\/index.php\/wp-json\/wp\/v2\/pages\/13\/revisions\/14"}],"wp:attachment":[{"href":"https:\/\/mmy.karppiset.net\/index.php\/wp-json\/wp\/v2\/media?parent=13"}],"curies":[{"name":"wp","href":"https:\/\/api.w.org\/{rel}","templated":true}]}}